{"id":18,"date":"2017-03-29T18:23:03","date_gmt":"2017-03-29T16:23:03","guid":{"rendered":"https:\/\/evidenzpraktiken-dfg-tum420.e.wpstage.net\/?page_id=18"},"modified":"2023-11-08T10:33:52","modified_gmt":"2023-11-08T09:33:52","slug":"impressum","status":"publish","type":"page","link":"https:\/\/www.evidenzpraktiken-dfg.tum.de\/en\/impressum\/","title":{"rendered":"Impressum"},"content":{"rendered":"<p>Responsible for the contents of this website:<\/p>\n<p><strong>Prof. Dr. Karin Zachmann<\/strong><\/p>\n<p>Technische Universit\u00e4t M\u00fcnchen (TUM)<br \/>\nProfessur f\u00fcr Technikgeschichte<br \/>\nc\/o Deutsches Museum<br \/>\nMuseumsinsel 1<br \/>\n80538 M\u00fcnchen<\/p>\n<p>Tel.: +49 (89) 2179.406, Fax: +49 (89) 2179.408<br \/>\nE-Mail: <a class=\"mail\" title=\"Opens window for sending email\" href=\"mailto:karin.zachmann@tum.de\">karin.zachmann@tum.de<\/a><\/p>\n<p>This Website is hosted by:<\/p>\n<p><img decoding=\"async\" loading=\"lazy\" class=\"alignnone  wp-image-4529\" src=\"https:\/\/www.evidenzpraktiken-dfg.tum.de\/wp-content\/uploads\/2023\/11\/lrz_bild_rgb1_230.png\" alt=\"\" width=\"98\" height=\"98\" srcset=\"https:\/\/www.evidenzpraktiken-dfg.tum.de\/wp-content\/uploads\/2023\/11\/lrz_bild_rgb1_230.png 230w, https:\/\/www.evidenzpraktiken-dfg.tum.de\/wp-content\/uploads\/2023\/11\/lrz_bild_rgb1_230-150x150.png 150w\" sizes=\"(max-width: 98px) 100vw, 98px\" \/><\/p>\n<p>The copyright for all of the texts on this site lies with their respective authors.<\/p>","protected":false},"excerpt":{"rendered":"<p>Responsible for the contents of this website: Prof. Dr. Karin Zachmann Technische Universit\u00e4t M\u00fcnchen (TUM) Professur f\u00fcr Technikgeschichte c\/o Deutsches Museum Museumsinsel 1 80538 M\u00fcnchen Tel.: +49 (89) 2179.406, Fax: +49 (89) 2179.408 E-Mail: karin.zachmann@tum.de This Website is hosted by: The copyright for all of the texts on this site lies with their respective authors.<\/p>\n","protected":false},"author":2,"featured_media":0,"parent":0,"menu_order":16,"comment_status":"closed","ping_status":"closed","template":"","meta":{"footnotes":""},"folder":[41],"_links":{"self":[{"href":"https:\/\/www.evidenzpraktiken-dfg.tum.de\/en\/wp-json\/wp\/v2\/pages\/18"}],"collection":[{"href":"https:\/\/www.evidenzpraktiken-dfg.tum.de\/en\/wp-json\/wp\/v2\/pages"}],"about":[{"href":"https:\/\/www.evidenzpraktiken-dfg.tum.de\/en\/wp-json\/wp\/v2\/types\/page"}],"author":[{"embeddable":true,"href":"https:\/\/www.evidenzpraktiken-dfg.tum.de\/en\/wp-json\/wp\/v2\/users\/2"}],"replies":[{"embeddable":true,"href":"https:\/\/www.evidenzpraktiken-dfg.tum.de\/en\/wp-json\/wp\/v2\/comments?post=18"}],"version-history":[{"count":7,"href":"https:\/\/www.evidenzpraktiken-dfg.tum.de\/en\/wp-json\/wp\/v2\/pages\/18\/revisions"}],"predecessor-version":[{"id":4531,"href":"https:\/\/www.evidenzpraktiken-dfg.tum.de\/en\/wp-json\/wp\/v2\/pages\/18\/revisions\/4531"}],"wp:attachment":[{"href":"https:\/\/www.evidenzpraktiken-dfg.tum.de\/en\/wp-json\/wp\/v2\/media?parent=18"}],"wp:term":[{"taxonomy":"folder","embeddable":true,"href":"https:\/\/www.evidenzpraktiken-dfg.tum.de\/en\/wp-json\/wp\/v2\/folder?post=18"}],"curies":[{"name":"wp","href":"https:\/\/api.w.org\/{rel}","templated":true}]}}